{"id":9,"date":"2017-05-18T00:31:14","date_gmt":"2017-05-18T00:31:14","guid":{"rendered":"http:\/\/dennisjursmemorialrace.com\/?page_id=9"},"modified":"2025-07-22T23:06:02","modified_gmt":"2025-07-22T23:06:02","slug":"about","status":"publish","type":"page","link":"https:\/\/dennisjursmemorialrace.com\/es\/","title":{"rendered":"Acerca de"},"content":{"rendered":"<h2 class=\"wp-block-heading\" id=\"about\"><strong>Sobre el Elgin Classic<\/strong><\/h2>\n\n\n\n<p>El ciclismo profesional y amateur de \u00e9lite regresa al hist\u00f3rico vecindario del noreste de Elgin el viernes 28 de julio a trav\u00e9s del <strong>2025 Elgin Classic<\/strong>. Founded in 2017 as the Dennis Jurs Memorial Race, the race is part of <strong>Chicago Grit<\/strong> (anteriormente la Intelligentsia Cup), una serie establecida de 10 d\u00edas que acoge a ciclistas de todo el mundo. La carrera volver\u00e1 a celebrarse en un recorrido estilo crit\u00e9rium (m\u00e1s corto), que recibi\u00f3 una abrumadora respuesta positiva tanto de los espectadores como de los corredores. Y los organizadores de la carrera est\u00e1n ampliando la parte del festival del evento (camiones \/ puestos de comida y bebida).<\/p>\n\n\n\n<p>La carrera contin\u00faa en honor a Dennis Jurs, un ciclista de Elgin asesinado en un viaje de entrenamiento en 2015, pero ha sido rebautizado como el <span class=\"s1\"><em><strong>Elgin cl\u00e1sico<\/strong><\/em><\/span>, despu\u00e9s de una carrera de bicicletas que Dennis ayud\u00f3 a organizar y dirigir. El cambio de nombre refleja el crecimiento y la ampliaci\u00f3n del atractivo de nuestra carrera a medida que fomentamos no solo el apoyo a un estilo de vida activo y saludable, sino que tambi\u00e9n nos enfocamos en la educaci\u00f3n y la seguridad del ciclismo.<\/p>\n\n\n\n<p>Organizado por el Northeast Neighborhood of Elgin (NENA), el Elgin Classic aprovecha uno de los distritos hist\u00f3ricos de Elgin y el generoso espacio provisto en el antiguo campus del Advocate Sherman Hospital para un hermoso d\u00eda tanto para los corredores como para los espectadores.<\/p>\n\n\n\n<p>Y las carreras son solo el comienzo. Las actividades del d\u00eda de la carrera incluir\u00e1n cl\u00ednicas de seguridad para bicicletas, un Family Fun Ride y un festival de vecindario ampliado en el hermoso e hist\u00f3rico noreste de Elgin en y alrededor del antiguo campus de Advocate Sherman Center Street.<\/p>\n\n\n\n<p class=\"p1\"><span class=\"s1\">El <em><strong>Elgin cl\u00e1sico<\/strong><\/em>&nbsp;est\u00e1 alojado por el <a href=\"http:\/\/www.nenaofelgin.org\/\" target=\"_blank\" rel=\"noreferrer noopener\">Asociaci\u00f3n de Vecinos del Noreste de Elgin (NENA)<\/a>.<\/span><\/p>\n\n\n\n<p>Mira esto <a href=\"https:\/\/www.youtube.com\/watch?v=6uKUoNc0eKs&amp;feature=youtu.be\" target=\"_blank\" rel=\"noreferrer noopener\">gran video de la carrera 2018<\/a>, cortes\u00eda de Dan Schlack.<\/p>\n\n\n\n<h2 class=\"wp-block-heading\"><strong>Elgin Classic 2025 Fecha y Lugar<\/strong> (Carrera Conmemorativa de Dennis Jurs)<\/h2>\n\n\n\n<p class=\"p1\"><span class=\"s1\">Avenida Cooper y calle Spring<br>viernes, 25 de julio de 2025<br>10 am \u2013 8:30 pm<\/span><\/p>\n\n\n\n<p class=\"has-text-align-right p1\">(ver el <a href=\"https:\/\/dennisjursmemorialrace.com\/es\/route\/\" data-type=\"page\" data-id=\"28\">mapa del recorrido de la carrera aqu\u00ed<\/a>)<\/p>\n\n\n\n<figure class=\"wp-block-image size-large\"><img loading=\"lazy\" decoding=\"async\" width=\"1024\" height=\"986\" src=\"https:\/\/dennisjursmemorialrace.com\/wp-content\/uploads\/2025\/07\/2025_Schedule-ONLY-graphic-1080x1040-1-1024x986.jpg\" alt=\"\" class=\"wp-image-437\" srcset=\"https:\/\/dennisjursmemorialrace.com\/wp-content\/uploads\/2025\/07\/2025_Schedule-ONLY-graphic-1080x1040-1-1024x986.jpg 1024w, https:\/\/dennisjursmemorialrace.com\/wp-content\/uploads\/2025\/07\/2025_Schedule-ONLY-graphic-1080x1040-1-300x289.jpg 300w, https:\/\/dennisjursmemorialrace.com\/wp-content\/uploads\/2025\/07\/2025_Schedule-ONLY-graphic-1080x1040-1-768x740.jpg 768w, https:\/\/dennisjursmemorialrace.com\/wp-content\/uploads\/2025\/07\/2025_Schedule-ONLY-graphic-1080x1040-1-12x12.jpg 12w, https:\/\/dennisjursmemorialrace.com\/wp-content\/uploads\/2025\/07\/2025_Schedule-ONLY-graphic-1080x1040-1.jpg 1080w\" sizes=\"auto, (max-width: 767px) 89vw, (max-width: 1000px) 54vw, (max-width: 1071px) 543px, 580px\" \/><\/figure>\n\n\n\n<h2 class=\"wp-block-heading\"><strong>Ofr\u00e9cete como voluntario para ayudar<\/strong><\/h2>\n\n\n\n<p><strong><a href=\"https:\/\/dennisjursmemorialrace.com\/es\/volunteer\/\" data-type=\"page\" data-id=\"371\">Obtenga m\u00e1s informaci\u00f3n<\/a> sobre las oportunidades de voluntariado para el <span class=\"s1\"><em>Elgin cl\u00e1sico<\/em><\/span>.<\/strong><\/p>\n\n\n\n<div class=\"wp-block-buttons is-content-justification-center is-layout-flex wp-container-core-buttons-is-layout-16018d1d wp-block-buttons-is-layout-flex\">\n<div class=\"wp-block-button\"><a class=\"wp-block-button__link wp-element-button\" href=\"https:\/\/signup.com\/go\/FoZdaaq\" target=\"_blank\" rel=\"noreferrer noopener\">Sign Up to VOLUNTEER for Race Day<\/a><\/div>\n\n\n\n<div class=\"wp-block-button\"><a class=\"wp-block-button__link wp-element-button\" href=\"https:\/\/dennisjursmemorialrace.com\/es\/volunteer\/#host-housing\">ANFITRIONA corredores en tu casa<\/a><\/div>\n<\/div>\n\n\n\n<h2 class=\"wp-block-heading\"><b>Acerca de Chicago Grit<\/b><\/h2>\n\n\n\n<p>Cada lugar de la carrera cuenta con un ambiente festivo con emocionantes carreras durante todo el d\u00eda, complementadas con actividades familiares saludables y divertidas, una exposici\u00f3n de estilo de vida, as\u00ed como comida y bebida de proveedores locales. Para ver el programa completo, visite: <a href=\"https:\/\/chicago-grit.com\/\" target=\"_blank\" rel=\"noreferrer noopener\">www.Chicago-Grit.com<\/a><\/p>\n\n\n\n<h2 class=\"wp-block-heading p1\" id=\"FAQs\"><strong>preguntas frecuentes<\/strong><\/h2>\n\n\n\n<h3 class=\"wp-block-heading p1\"><span class=\"s1\">P: \u00bfCu\u00e1l es el <em><strong>Elgin cl\u00e1sico<\/strong><\/em>?<\/span><\/h3>\n\n\n\n<p class=\"p1\"><span class=\"s1\">R: El <em><strong>Cl\u00e1sico de Elgin (<\/strong><\/em>anteriormente Dennis Jurs Memorial Race) es un d\u00eda completo de diversi\u00f3n familiar y carreras ciclistas de \u00e9lite para profesionales y aficionados que forma parte de la bien establecida serie Intelligentsia Cup CHICAGO. Para obtener m\u00e1s informaci\u00f3n sobre c\u00f3mo competir o registrarse como corredor, visite <a href=\"https:\/\/chicago-grit.com\/\" target=\"_blank\" rel=\"noreferrer noopener\"><span class=\"s2\">www.Chicago-Grit.com<\/span><\/a> <\/span><\/p>\n\n\n\n<h3 class=\"wp-block-heading p1\"><span class=\"s1\">P: \u00bfQui\u00e9n fue Dennis Jurs?<\/span><\/h3>\n\n\n\n<p class=\"p3\"><span class=\"s1\">R: Dennis Jurs, ciclista y ciclista, muri\u00f3 en un entrenamiento en mayo de 2015. Con un amor contagioso por el ciclismo y las bicicletas, Dennis ayud\u00f3 a organizar y dirigir carreras de bicicletas en Elgin, incluido el Elgin Cycling Classic. Tambi\u00e9n fue miembro durante mucho tiempo del Team Mack, un equipo de carreras de primer nivel. Despu\u00e9s del a\u00f1o inaugural en 2017, la Asociaci\u00f3n de Vecinos del Noreste de Elgin (NENA), con el apoyo de la familia Jurs, contin\u00faa organizando la Carrera Conmemorativa de Dennis Jurs en Elgin para recordar y honrar a Dennis y su pasi\u00f3n por las carreras de bicicletas. <\/span><\/p>\n\n\n\n<p class=\"p3\"><span class=\"s1\">\u201cMi familia y yo nos sentimos verdaderamente honrados de que la memoria de mi padre pueda vivir a trav\u00e9s de un deporte y carreras que amaba tanto\u201d, dijo Rebecca Jurs Poole, en nombre de la familia Jurs. \u201cElgin es una comunidad maravillosa con personas tan excelentes y nos sentimos honrados de poder trabajar junto con la Asociaci\u00f3n de Vecinos del Noreste, nuestros muchos patrocinadores y todos los voluntarios de la comunidad que vienen a apoyar este evento\u201d.<\/span><\/p>\n\n\n\n<p class=\"p3\"><span class=\"s1\">Para m\u00e1s informaci\u00f3n sobre los derechos de los ciclistas, acceda a <a href=\"http:\/\/www.ilga.gov\/legislation\/publicacts\/fulltext.asp?Name=099-0785\" target=\"_blank\" rel=\"noreferrer noopener\">Ley P\u00fablica 099-0785 (Ley de Dennis)<\/a>&nbsp;. <\/span><\/p>\n\n\n\n<h3 class=\"wp-block-heading\"><span class=\"s1\">P: \u00bfQu\u00e9 sucede en el <em><strong>Elgin cl\u00e1sico <\/strong><\/em>al lado de las carreras de bicicletas?<\/span><\/h3>\n\n\n\n<p class=\"p1\"><span class=\"s1\">R: Adem\u00e1s de un d\u00eda completo de ciclismo profesional y amateur de alta \u00e9lite, The <em><strong>Elgin cl\u00e1sico <\/strong><\/em>es un verdadero Family Fest. Traiga a sus hijos a Bike Rodeos y clases de seguridad y participe en Family Fun Ride. Puede traer su propio picnic al sitio y, por supuesto, tendremos una variedad de comidas, bebidas y cerveza (\u00a1si tiene la edad suficiente!) Durante todo el d\u00eda. SUGERENCIA: \u00a1traiga sus propias sillas de bolsa!<\/span><\/p>\n\n\n\n<h3 class=\"wp-block-heading p1\"><span class=\"s1\">P: \u00bfC\u00f3mo puedo participar?<\/span><\/h3>\n\n\n\n<p class=\"p1\"><span class=\"s1\">R: \u00a1Algunas personas en el campo (o aquellos que conocen a gente en el campo) simplemente ver\u00e1n las carreras desde su patio delantero! Por supuesto, tambi\u00e9n dependemos de <\/span><span class=\"s4\">voluntarios<\/span><span class=\"s1\"> como mariscal de campo o en el Family Fest. Traiga a sus hijos a Bike Rodeos y clases de seguridad y participe en Family Fun Ride. Puede traer su propio picnic al sitio y, por supuesto, tendremos una variedad de comidas, bebidas y cerveza (\u00a1si tiene la edad suficiente!) Durante todo el d\u00eda.<\/span><\/p>\n\n\n\n<h3 class=\"wp-block-heading p1\"><span class=\"s1\">P: \u00bfC\u00f3mo puedo ser voluntario para el <em>Elgin cl\u00e1sico<\/em>?<\/span><\/h3>\n\n\n\n<p>R: <a href=\"https:\/\/dennisjursmemorialrace.com\/es\/volunteer\/\" data-type=\"page\" data-id=\"371\">Hage clic AQU\u00cd<\/a> para ver nuestras oportunidades de voluntariado y reg\u00edstrese para lo que tenga m\u00e1s sentido para usted. \u00a1Recibir\u00e1s una <em>camiseta gratis<\/em> y nuestro eterno agradecimiento! Los organizadores de cursos voluntarios son clave para un evento exitoso y seguro. P\u00f3ngase en contacto con el director de carrera para obtener m\u00e1s informaci\u00f3n.<\/p>\n\n\n\n<h3 class=\"wp-block-heading p1\"><span class=\"s1\">P: \u00bfVivo en la ruta de la carrera?<\/span><\/h3>\n\n\n\n<p class=\"p4\"><span class=\"s5\">R: Consulte el mapa de ruta en <\/span><a href=\"https:\/\/dennisjursmemorialrace.com\/es\/route\/\">https:\/\/dennisjursmemorialrace.com\/route\/<\/a><span class=\"s5\"> <\/span><\/p>\n\n\n\n<h3 class=\"wp-block-heading p1\"><span class=\"s1\">P: \u00bfCu\u00e1les son las restricciones de tr\u00e1fico y estacionamiento?<\/span><\/h3>\n\n\n\n<p class=\"p1\"><span class=\"s1\">R: Los autos NO podr\u00e1n estacionarse en la pista entre las 9 am y las 9 pm el d\u00eda de la carrera y pueden ser remolcados si se dejan en la calle. Los autos NO podr\u00e1n ingresar a la pista desde las entradas durante las carreras, a menos que se trate de una emergencia, y solo con la aprobaci\u00f3n y supervisi\u00f3n de la polic\u00eda de Elgin o <em><strong>Elgin cl\u00e1sico <\/strong><\/em>mariscales de campo. Los autom\u00f3viles NO podr\u00e1n cruzar las calles que se utilizan para el curso a menos que sea una emergencia, y solo con la aprobaci\u00f3n y supervisi\u00f3n de la polic\u00eda de Elgin o <em><strong>Elgin cl\u00e1sico <\/strong><\/em>mariscales de campo.<\/span><\/p>\n\n\n\n<h3 class=\"wp-block-heading p1\"><span class=\"s1\">P: \u00bfC\u00f3mo puedo reducir cualquier impacto negativo en mi vida si soy una de las pocas personas en el curso o dentro del curso?<\/span><\/h3>\n\n\n\n<p class=\"p1\"><span class=\"s1\">R: El mayor negativo es para aquellas personas que no saben, o se olvidan, de la carrera y de las restricciones de aparcamiento\/tr\u00e1fico. \u00a1Anote el d\u00eda de la carrera en su calendario con anticipaci\u00f3n y use el sentido com\u00fan!<\/span><\/p>\n\n\n\n<ul class=\"wp-block-list\">\n<li><span class=\"s1\">Considere estacionarse justo afuera del campo el d\u00eda de la carrera. Mucho espacio de estacionamiento en la calle est\u00e1 disponible en nuestro vecindario, y se ha reservado estacionamiento reservado. Traiga su autom\u00f3vil a casa despu\u00e9s de las 9 p. m. o a la ma\u00f1ana siguiente.<\/span><\/li>\n\n\n\n<li><span class=\"s1\">Reprograme cualquier entrega para un d\u00eda diferente: los camiones de reparto NO podr\u00e1n cruzar el curso<\/span><\/li>\n\n\n\n<li><span class=\"s1\">Respete y siga las instrucciones de los oficiales de polic\u00eda de Elgin y los alguaciles de cursos voluntarios que trabajan con ellos, ya que su enfoque es la seguridad de los ciclistas y residentes.<\/span><\/li>\n\n\n\n<li><span class=\"s1\">Si hay una emergencia el d\u00eda de la carrera, notifique a la oficina de polic\u00eda m\u00e1s cercana, al comisario de carrera o comun\u00edquese con <\/span><span class=\"s7\">los directores de eventos en <\/span><span class=\"s7\">(847) 997-2109 or <a href=\"mailto:BikeRace@nenaofelgin.org\">BikeRace@nenaofelgin.org<\/a>. <\/span><\/li>\n<\/ul>\n\n\n\n<h3 class=\"wp-block-heading p1\"><span class=\"s1\">P: \u00bfQui\u00e9n paga la carrera y las actividades relacionadas?<\/span><\/h3>\n\n\n\n<p class=\"p6\"><span class=\"s5\">R: <\/span><span class=\"s9\">Los competidores cubren sus costos a trav\u00e9s de las tarifas de registro, pero por lo dem\u00e1s, la Asociaci\u00f3n de Vecinos del Noreste de Elgin (NENA) recauda fondos a trav\u00e9s de patrocinios para todo lo dem\u00e1s. Si bien trabajamos en estrecha colaboraci\u00f3n con la ciudad de Elgin y la ciudad brinda servicios, incluida la polic\u00eda para la carrera, NENA le paga a la ciudad por todo eso. <\/span><\/p>\n\n\n\n<h3 class=\"wp-block-heading p7\"><span class=\"s1\">P: \u00bfA qui\u00e9n puedo contactar antes de la carrera?<\/span><\/h3>\n\n\n\n<p>R: Comun\u00edquese con los gerentes del evento al (847) 997-2109 o BikeRace@nenaofelgin.org, o <a href=\"mailto:BikeRace@nenaofelgin.org\">BikeRace@nenaofelgin.org<\/a>, o comun\u00edquese con Elgin 311 de lunes a viernes de 7:00 a.m. a 5:00 p.m. Si est\u00e1s fuera de los l\u00edmites de la ciudad, marca 847-931-6001. Tambi\u00e9n puede enviar una solicitud <a href=\"mailto:elgin311@cityofelgin.org\">v\u00eda correo electr\u00f3nico<\/a> 24 horas al d\u00eda, 7 d\u00edas a la semana. Tenga en cuenta que las solicitudes ser\u00e1n respondidas durante el horario comercial habitual.<\/p>\n\n\n\n<h3 class=\"wp-block-heading p1\"><span class=\"s1\">P: \u00bfCu\u00e1l es el mejor contacto el d\u00eda de la carrera?<\/span><\/h3>\n\n\n\n<p class=\"p1\"><span class=\"s1\">R: Si est\u00e1 en el sitio del Festival, visite el Puesto de informaci\u00f3n. Si est\u00e1 en o dentro del curso, <\/span><span class=\"s1\">contacto <\/span><span class=\"s7\">the event managers at (847) 997-2109<\/span><span class=\"s7\">&nbsp;or<a href=\"mailto:BikeRace@nenaofelgin.org\"> BikeRace@nenaofelgin.org<\/a><\/span><span class=\"s1\">.<\/span><\/p>\n\n\n\n<p><span style=\"font-weight: 400;\">Cada lugar de la carrera cuenta con un ambiente festivo con emocionantes carreras durante todo el d\u00eda, complementadas con actividades familiares saludables y divertidas, una exposici\u00f3n de estilo de vida, as\u00ed como comida y bebida de proveedores locales. Para ver el programa completo, visite: <\/span><a href=\"http:\/\/www.cicago-grit.com\" target=\"_blank\" rel=\"noopener\"><span style=\"font-weight: 400;\">www.chicago-grit.com<\/span><\/a><\/p>\n\n\n\n<p><\/p>","protected":false},"excerpt":{"rendered":"<p>About the Elgin Classic Professional and elite amateur competitive cycling returns to Elgin\u2019s historic Northeast Neighborhood on Friday, July 25 through the 2025 Elgin Classic. Founded in 2017 as the Dennis Jurs Memorial Race, the race is part of Chicago Grit (formerly the Intelligentsia Cup), an established 10-day series hosting cyclists from around the world. &hellip; <\/p>\n<p class=\"link-more\"><a href=\"https:\/\/dennisjursmemorialrace.com\/es\/\" class=\"more-link\">Seguir leyendo<span class=\"screen-reader-text\"> &quot;Acerca de&quot;<\/span><\/a><\/p>","protected":false},"author":3,"featured_media":0,"parent":0,"menu_order":0,"comment_status":"closed","ping_status":"closed","template":"","meta":{"om_disable_all_campaigns":false,"_monsterinsights_skip_tracking":false,"_monsterinsights_sitenote_active":false,"_monsterinsights_sitenote_note":"","_monsterinsights_sitenote_category":0,"footnotes":""},"class_list":["post-9","page","type-page","status-publish","hentry"],"jetpack_sharing_enabled":true,"_links":{"self":[{"href":"https:\/\/dennisjursmemorialrace.com\/es\/wp-json\/wp\/v2\/pages\/9","targetHints":{"allow":["GET"]}}],"collection":[{"href":"https:\/\/dennisjursmemorialrace.com\/es\/wp-json\/wp\/v2\/pages"}],"about":[{"href":"https:\/\/dennisjursmemorialrace.com\/es\/wp-json\/wp\/v2\/types\/page"}],"author":[{"embeddable":true,"href":"https:\/\/dennisjursmemorialrace.com\/es\/wp-json\/wp\/v2\/users\/3"}],"replies":[{"embeddable":true,"href":"https:\/\/dennisjursmemorialrace.com\/es\/wp-json\/wp\/v2\/comments?post=9"}],"version-history":[{"count":77,"href":"https:\/\/dennisjursmemorialrace.com\/es\/wp-json\/wp\/v2\/pages\/9\/revisions"}],"predecessor-version":[{"id":438,"href":"https:\/\/dennisjursmemorialrace.com\/es\/wp-json\/wp\/v2\/pages\/9\/revisions\/438"}],"wp:attachment":[{"href":"https:\/\/dennisjursmemorialrace.com\/es\/wp-json\/wp\/v2\/media?parent=9"}],"curies":[{"name":"wp","href":"https:\/\/api.w.org\/{rel}","templated":true}]}}